{"id":1663,"date":"2019-08-21T12:05:54","date_gmt":"2019-08-21T12:05:54","guid":{"rendered":"http:\/\/www.haus-hofer.at\/?page_id=1663"},"modified":"2019-08-21T13:56:04","modified_gmt":"2019-08-21T13:56:04","slug":"impressum","status":"publish","type":"page","link":"https:\/\/www.haus-hofer.at\/en\/impressum\/","title":{"rendered":"IMPRESSUM &#038; DATENSCHUTZ"},"content":{"rendered":"<div class=\"wpb-content-wrapper\"><div id=\"vc_row-69e87bb2373be\" class=\"vc_row wpb_row vc_row-fluid vc_custom_1566389272606 thegem-custom-69e87bb2373653397 vc_row-has-fill\"><div class=\"wpb_column vc_column_container vc_col-sm-12 thegem-custom-69e87bb23794a8678\" ><div class=\"vc_column-inner thegem-custom-inner-69e87bb23794d\"><div class=\"wpb_wrapper thegem-custom-69e87bb23794a8678\">\r\n\t\r\n\t\t<div class=\"wpb_text_column wpb_content_element  thegem-vc-text thegem-custom-69e87bb2380384916\"  >\r\n\t\t\t<div class=\"wpb_wrapper\">\r\n\t\t\t\t<p>Offenlegung gem\u00e4\u00df Paragraph 25 Mediengesetz<\/p>\n<p>Medieninhaber: Marianne Hofer, Oberdorf 3, 6167 Neustift<\/p>\n<p>Ausrichtung: Webauftritt Haus Hofer, A-6167 Neustift<\/p>\n<p>Haftung:<\/p>\n<p>Die Inhalte dieser Site sind von den Autoren sorgf\u00e4ltig erwogen und gepr\u00fcft, dennoch kann keine Garantie \u00fcbernommen werden. Eine Haftung f\u00fcr Personen-, Sach- und Verm\u00f6genssch\u00e4den ist ausgeschlossen.<\/p>\n<p>Datenschutz<\/p>\n<p>Soweit auf unseren Seiten personenbezogene Daten (beispielsweise Name, Anschrift oder eMail-Adressen) erhoben werden, erfolgt dies soweit m\u00f6glich stets auf freiwilliger Basis. Die Nutzung der Angebote und Dienste ist, soweit m\u00f6glich, stets ohne Angabe personenbezogener Daten m\u00f6glich.<\/p>\n<p>Der Nutzung von im Rahmen der Impressumspflicht ver\u00f6ffentlichten Kontaktdaten durch Dritte zur \u00dcbersendung von nicht ausdr\u00fccklich angeforderter Werbung und Informationsmaterialien wird hiermit ausdr\u00fccklich widersprochen. Die Betreiber der Seiten behalten sich ausdr\u00fccklich rechtliche Schritte im Falle der unverlangten Zusendung von Werbeinformationen, etwa durch Spam-Mails, vor.<\/p>\n<p>Der Schutz Ihrer pers\u00f6nlich en Daten ist uns sehr wichtig. Wir verarbeiten Ihre Daten daher ausschlie\u00dflich auf Grundlage der gesetzlichen Bestimmungen (DSGVO). Ihre Daten werden zwecks Bearbeitung Ihrer Anfrage (E-Mail) verwendet. Im Falle eines Vertragsabschlusses werden s\u00e4mtliche Daten aus dem Vertragsverh\u00e4ltnis bis zum Ablauf der steuerrechtlichen Aufbewahrungsfrist von 7 Jahren gespeichert.<\/p>\n<p>Haftung f\u00fcr Links<\/p>\n<p>Diese Website enth\u00e4lt Links zu externen Webseiten Dritter, auf deren Inhalte wir keinen Einfluss haben. Deshalb k\u00f6nnen wir f\u00fcrdiese fremden Inhalte auch keine Gew\u00e4hr \u00fcbernehmen. F\u00fcr die Inhalte der verlinkten Seiten ist stets der jeweilige Anbieter oder Betreiber der Seiten verantwortlich. Die verlinkten Seiten wurden zum Zeitpunkt der Verlinkung auf m\u00f6gliche Rechtsverst\u00f6\u00dfe \u00fcberpr\u00fcft. Rechtswidrige Inhalte waren zum Zeitpunkt der Verlinkung nicht erkennbar. Eine permanente inhaltliche Kontrolleder verlinkten Seiten ist jedoch ohne konkrete Anhaltspunkte einer Rechtsverletzung nicht zumutbar. Bei bekannt werden von Rechtsverletzungen werden wir derartige Links umgehend entfernen.[Quelle: Informationen der <a href=\"http:\/\/www.consultants.at\/\">WKO<\/a>, zusammengefasst von <a href=\"http:\/\/www.consultants.at\/\">Ingrid J.Bressler<\/a>]<\/p>\n<p>&nbsp;<\/p>\n<p>&nbsp;<\/p>\n<p>Copyright:<\/p>\n<p>\u00a9 Copyright 2012, Christoph Hofer.<\/p>\n<p>Alle Rechte vorbehalten. Text, Bilder, und Grafiken sowie deren Anordnung auf dieser Homepage unterliegen dem Schutz des Urheberrechts und anderer Schutzgesetze. Der Inhalt dieser Website (oder auch nur ein Teil davon) darf ohne ausdr\u00fcckliche Zustimmung weder kopiert, verbreitet oder sonst irgendwie verwendet werden.<\/p>\n\r\n\t\t\t<\/div>\r\n\t\t\t<style>@media screen and (max-width: 1023px) {.thegem-vc-text.thegem-custom-69e87bb2380384916{display: block!important;}}@media screen and (max-width: 767px) {.thegem-vc-text.thegem-custom-69e87bb2380384916{display: block!important;}}@media screen and (max-width: 1023px) {.thegem-vc-text.thegem-custom-69e87bb2380384916{position: relative !important;}}@media screen and (max-width: 767px) {.thegem-vc-text.thegem-custom-69e87bb2380384916{position: relative !important;}}<\/style>\r\n\t\t<\/div>\r\n\t\r\n<\/div><\/div><\/div><\/div><div id=\"vc_row-69e87bb238531\" class=\"vc_row wpb_row vc_row-fluid thegem-custom-69e87bb2385263821\"><div class=\"wpb_column vc_column_container vc_col-sm-12 thegem-custom-69e87bb2388d01515\" ><div class=\"vc_column-inner thegem-custom-inner-69e87bb2388d3\"><div class=\"wpb_wrapper thegem-custom-69e87bb2388d01515\">\r\n\t\r\n\t\t<div class=\"wpb_text_column wpb_content_element  thegem-vc-text thegem-custom-69e87bb238bf75299\"  >\r\n\t\t\t<div class=\"wpb_wrapper\">\r\n\t\t\t\t<h2 style=\"text-align: center;\"><a href=\"https:\/\/www.haus-hofer.at\/en\/\">ZUR\u00dcCK<\/a><\/h2>\n\r\n\t\t\t<\/div>\r\n\t\t\t<style>@media screen and (max-width: 1023px) {.thegem-vc-text.thegem-custom-69e87bb238bf75299{display: block!important;}}@media screen and (max-width: 767px) {.thegem-vc-text.thegem-custom-69e87bb238bf75299{display: block!important;}}@media screen and (max-width: 1023px) {.thegem-vc-text.thegem-custom-69e87bb238bf75299{position: relative !important;}}@media screen and (max-width: 767px) {.thegem-vc-text.thegem-custom-69e87bb238bf75299{position: relative !important;}}<\/style>\r\n\t\t<\/div>\r\n\t\r\n<\/div><\/div><\/div><\/div>\n<\/div>","protected":false},"excerpt":{"rendered":"","protected":false},"author":1,"featured_media":0,"parent":0,"menu_order":0,"comment_status":"closed","ping_status":"closed","template":"","meta":{"_monsterinsights_skip_tracking":false,"_monsterinsights_sitenote_active":false,"_monsterinsights_sitenote_note":"","_monsterinsights_sitenote_category":0,"footnotes":""},"class_list":["post-1663","page","type-page","status-publish"],"yoast_head":"<!-- This site is optimized with the Yoast SEO plugin v23.6 - https:\/\/yoast.com\/wordpress\/plugins\/seo\/ -->\n<title>IMPRESSUM &amp; DATENSCHUTZ - HAUS HOFER<\/title>\n<meta name=\"robots\" content=\"index, follow, max-snippet:-1, max-image-preview:large, max-video-preview:-1\" \/>\n<link rel=\"canonical\" href=\"https:\/\/www.haus-hofer.at\/en\/impressum\/\" \/>\n<meta property=\"og:locale\" content=\"en_GB\" \/>\n<meta property=\"og:type\" content=\"article\" \/>\n<meta property=\"og:title\" content=\"IMPRESSUM &amp; DATENSCHUTZ - HAUS HOFER\" \/>\n<meta property=\"og:url\" content=\"https:\/\/www.haus-hofer.at\/en\/impressum\/\" \/>\n<meta property=\"og:site_name\" content=\"HAUS HOFER\" \/>\n<meta property=\"article:modified_time\" content=\"2019-08-21T13:56:04+00:00\" \/>\n<meta name=\"twitter:card\" content=\"summary_large_image\" \/>\n<meta name=\"twitter:label1\" content=\"Estimated reading time\" \/>\n\t<meta name=\"twitter:data1\" content=\"2 minutes\" \/>\n<script type=\"application\/ld+json\" class=\"yoast-schema-graph\">{\"@context\":\"https:\/\/schema.org\",\"@graph\":[{\"@type\":\"WebPage\",\"@id\":\"https:\/\/www.haus-hofer.at\/impressum\/\",\"url\":\"https:\/\/www.haus-hofer.at\/impressum\/\",\"name\":\"IMPRESSUM & DATENSCHUTZ - HAUS HOFER\",\"isPartOf\":{\"@id\":\"https:\/\/www.haus-hofer.at\/#website\"},\"datePublished\":\"2019-08-21T12:05:54+00:00\",\"dateModified\":\"2019-08-21T13:56:04+00:00\",\"breadcrumb\":{\"@id\":\"https:\/\/www.haus-hofer.at\/impressum\/#breadcrumb\"},\"inLanguage\":\"en-GB\",\"potentialAction\":[{\"@type\":\"ReadAction\",\"target\":[\"https:\/\/www.haus-hofer.at\/impressum\/\"]}]},{\"@type\":\"BreadcrumbList\",\"@id\":\"https:\/\/www.haus-hofer.at\/impressum\/#breadcrumb\",\"itemListElement\":[{\"@type\":\"ListItem\",\"position\":1,\"name\":\"Startseite\",\"item\":\"https:\/\/www.haus-hofer.at\/\"},{\"@type\":\"ListItem\",\"position\":2,\"name\":\"IMPRESSUM &#038; DATENSCHUTZ\"}]},{\"@type\":\"WebSite\",\"@id\":\"https:\/\/www.haus-hofer.at\/#website\",\"url\":\"https:\/\/www.haus-hofer.at\/\",\"name\":\"HAUS HOFER\",\"description\":\"Appartments und Doppelzimmer in Neustift im Stubaital\",\"potentialAction\":[{\"@type\":\"SearchAction\",\"target\":{\"@type\":\"EntryPoint\",\"urlTemplate\":\"https:\/\/www.haus-hofer.at\/?s={search_term_string}\"},\"query-input\":{\"@type\":\"PropertyValueSpecification\",\"valueRequired\":true,\"valueName\":\"search_term_string\"}}],\"inLanguage\":\"en-GB\"}]}<\/script>\n<!-- \/ Yoast SEO plugin. -->","yoast_head_json":{"title":"IMPRESSUM & DATENSCHUTZ - HAUS HOFER","robots":{"index":"index","follow":"follow","max-snippet":"max-snippet:-1","max-image-preview":"max-image-preview:large","max-video-preview":"max-video-preview:-1"},"canonical":"https:\/\/www.haus-hofer.at\/en\/impressum\/","og_locale":"en_GB","og_type":"article","og_title":"IMPRESSUM & DATENSCHUTZ - HAUS HOFER","og_url":"https:\/\/www.haus-hofer.at\/en\/impressum\/","og_site_name":"HAUS HOFER","article_modified_time":"2019-08-21T13:56:04+00:00","twitter_card":"summary_large_image","twitter_misc":{"Estimated reading time":"2 minutes"},"schema":{"@context":"https:\/\/schema.org","@graph":[{"@type":"WebPage","@id":"https:\/\/www.haus-hofer.at\/impressum\/","url":"https:\/\/www.haus-hofer.at\/impressum\/","name":"IMPRESSUM & DATENSCHUTZ - HAUS HOFER","isPartOf":{"@id":"https:\/\/www.haus-hofer.at\/#website"},"datePublished":"2019-08-21T12:05:54+00:00","dateModified":"2019-08-21T13:56:04+00:00","breadcrumb":{"@id":"https:\/\/www.haus-hofer.at\/impressum\/#breadcrumb"},"inLanguage":"en-GB","potentialAction":[{"@type":"ReadAction","target":["https:\/\/www.haus-hofer.at\/impressum\/"]}]},{"@type":"BreadcrumbList","@id":"https:\/\/www.haus-hofer.at\/impressum\/#breadcrumb","itemListElement":[{"@type":"ListItem","position":1,"name":"Startseite","item":"https:\/\/www.haus-hofer.at\/"},{"@type":"ListItem","position":2,"name":"IMPRESSUM &#038; DATENSCHUTZ"}]},{"@type":"WebSite","@id":"https:\/\/www.haus-hofer.at\/#website","url":"https:\/\/www.haus-hofer.at\/","name":"HAUS HOFER","description":"Appartments und Doppelzimmer in Neustift im Stubaital","potentialAction":[{"@type":"SearchAction","target":{"@type":"EntryPoint","urlTemplate":"https:\/\/www.haus-hofer.at\/?s={search_term_string}"},"query-input":{"@type":"PropertyValueSpecification","valueRequired":true,"valueName":"search_term_string"}}],"inLanguage":"en-GB"}]}},"_links":{"self":[{"href":"https:\/\/www.haus-hofer.at\/en\/wp-json\/wp\/v2\/pages\/1663"}],"collection":[{"href":"https:\/\/www.haus-hofer.at\/en\/wp-json\/wp\/v2\/pages"}],"about":[{"href":"https:\/\/www.haus-hofer.at\/en\/wp-json\/wp\/v2\/types\/page"}],"author":[{"embeddable":true,"href":"https:\/\/www.haus-hofer.at\/en\/wp-json\/wp\/v2\/users\/1"}],"replies":[{"embeddable":true,"href":"https:\/\/www.haus-hofer.at\/en\/wp-json\/wp\/v2\/comments?post=1663"}],"version-history":[{"count":5,"href":"https:\/\/www.haus-hofer.at\/en\/wp-json\/wp\/v2\/pages\/1663\/revisions"}],"predecessor-version":[{"id":1668,"href":"https:\/\/www.haus-hofer.at\/en\/wp-json\/wp\/v2\/pages\/1663\/revisions\/1668"}],"wp:attachment":[{"href":"https:\/\/www.haus-hofer.at\/en\/wp-json\/wp\/v2\/media?parent=1663"}],"curies":[{"name":"wp","href":"https:\/\/api.w.org\/{rel}","templated":true}]}}